{"id":1179,"date":"2017-02-08T09:56:29","date_gmt":"2017-02-08T09:56:29","guid":{"rendered":"http:\/\/consulting.stylemixthemes.com\/demo\/?page_id=1179"},"modified":"2020-09-16T16:35:52","modified_gmt":"2020-09-16T14:35:52","slug":"contatti","status":"publish","type":"page","link":"https:\/\/panzericlaudia.it\/?page_id=1179","title":{"rendered":"Contattami"},"content":{"rendered":"<div class=\"wpb-content-wrapper\"><p>[vc_row css=&#8221;.vc_custom_1485429758182{margin-bottom: 23px !important;}&#8221;][vc_column][vc_column_text]<span style=\"font-family: Montserrat; color: #444444; font-size: 16px; letter-spacing: -0.4px;\">Hai domande o vuoi ricevere informazioni?\u00a0<\/span>[\/vc_column_text][stm_icon_box box_style=&#8221;style_3&#8243; icon_size=&#8221;16&#8243; icon_border_color=&#8221;third&#8221; icon_line_height=&#8221;48&#8243;]<\/p>\n<h4 style=\"font-family: Montserrat, sans-serif; font-weight: 400; letter-spacing: -0.40px;\"><span style=\"color: #1a1a1a;\">info@panzericlaudia.it<\/span><\/h4>\n<p>[\/stm_icon_box][\/vc_column][\/vc_row][vc_row css=&#8221;.vc_custom_1485430310469{margin-bottom: 63px !important;}&#8221;][vc_column offset=&#8221;vc_col-lg-3 vc_col-md-6&#8243;][\/vc_column][\/vc_row][vc_row full_width=&#8221;stretch_row&#8221; css=&#8221;.vc_custom_1485495086300{margin-bottom: -60px !important;padding-top: 63px !important;padding-bottom: 30px !important;background-color: #f2f2f2 !important;}&#8221;][vc_column][vc_column_text]<\/p>\n<h4>Compila il form qui sotto e ti contatter\u00f2 al pi\u00f9 presto. La prima telefonata \u00e8 gratuita!<\/h4>\n<p>[\/vc_column_text]\n<div class=\"wpcf7 no-js\" id=\"wpcf7-f5-o1\" lang=\"it-IT\" dir=\"ltr\" data-wpcf7-id=\"5\">\n<div class=\"screen-reader-response\"><p role=\"status\" aria-live=\"polite\" aria-atomic=\"true\"><\/p> <ul><\/ul><\/div>\n<form action=\"\/index.php?rest_route=%2Fwp%2Fv2%2Fpages%2F1179#wpcf7-f5-o1\" method=\"post\" class=\"wpcf7-form init\" aria-label=\"Modulo di contatto\" novalidate=\"novalidate\" data-status=\"init\">\n<fieldset class=\"hidden-fields-container\"><input type=\"hidden\" name=\"_wpcf7\" value=\"5\" \/><input type=\"hidden\" name=\"_wpcf7_version\" value=\"6.1.2\" \/><input type=\"hidden\" name=\"_wpcf7_locale\" value=\"it_IT\" \/><input type=\"hidden\" name=\"_wpcf7_unit_tag\" value=\"wpcf7-f5-o1\" \/><input type=\"hidden\" name=\"_wpcf7_container_post\" value=\"0\" \/><input type=\"hidden\" name=\"_wpcf7_posted_data_hash\" value=\"\" \/>\n<\/fieldset>\n<p><label> Nome (required)<br \/>\n<span class=\"wpcf7-form-control-wrap\" data-name=\"your-name\"><input size=\"40\" maxlength=\"400\" class=\"wpcf7-form-control wpcf7-text wpcf7-validates-as-required\" aria-required=\"true\" aria-invalid=\"false\" value=\"\" type=\"text\" name=\"your-name\" \/><\/span> <\/label>\n<\/p>\n<p><label> Email (required)<br \/>\n<span class=\"wpcf7-form-control-wrap\" data-name=\"your-email\"><input size=\"40\" maxlength=\"400\" class=\"wpcf7-form-control wpcf7-email wpcf7-validates-as-required wpcf7-text wpcf7-validates-as-email\" aria-required=\"true\" aria-invalid=\"false\" value=\"\" type=\"email\" name=\"your-email\" \/><\/span> <\/label>\n<\/p>\n<p><label> Telefono(required)<br \/>\n<span class=\"wpcf7-form-control-wrap\" data-name=\"Telefono\"><input size=\"40\" maxlength=\"400\" class=\"wpcf7-form-control wpcf7-tel wpcf7-validates-as-required wpcf7-text wpcf7-validates-as-tel\" aria-required=\"true\" aria-invalid=\"false\" value=\"\" type=\"tel\" name=\"Telefono\" \/><\/span> <\/label>\n<\/p>\n<p><label> Messaggio<br \/>\n<span class=\"wpcf7-form-control-wrap\" data-name=\"your-message\"><textarea cols=\"40\" rows=\"10\" maxlength=\"2000\" class=\"wpcf7-form-control wpcf7-textarea\" aria-invalid=\"false\" name=\"your-message\"><\/textarea><\/span> <\/label>\n<\/p>\n<p><input class=\"wpcf7-form-control wpcf7-submit has-spinner\" type=\"submit\" value=\"invia\" \/>\n<\/p><div class=\"wpcf7-response-output\" aria-hidden=\"true\"><\/div>\n<\/form>\n<\/div>\n[\/vc_column][\/vc_row]<\/p>\n<\/div>","protected":false},"excerpt":{"rendered":"<p>[vc_row css=&#8221;.vc_custom_1485429758182{margin-bottom: 23px !important;}&#8221;][vc_column][vc_column_text]Hai domande o vuoi ricevere informazioni?\u00a0[\/vc_column_text][stm_icon_box box_style=&#8221;style_3&#8243; icon_size=&#8221;16&#8243; icon_border_color=&#8221;third&#8221; icon_line_height=&#8221;48&#8243;] info@panzericlaudia.it [\/stm_icon_box][\/vc_column][\/vc_row][vc_row css=&#8221;.vc_custom_1485430310469{margin-bottom: 63px !important;}&#8221;][vc_column offset=&#8221;vc_col-lg-3 vc_col-md-6&#8243;][\/vc_column][\/vc_row][vc_row full_width=&#8221;stretch_row&#8221; css=&#8221;.vc_custom_1485495086300{margin-bottom: -60px !important;padding-top: 63px !important;padding-bottom: 30px !important;background-color: #f2f2f2 !important;}&#8221;][vc_column][vc_column_text] Compila il form qui sotto e ti contatter\u00f2 al pi\u00f9 presto. La prima telefonata \u00e8 gratuita! [\/vc_column_text][\/vc_column][\/vc_row]<\/p>\n","protected":false},"author":5,"featured_media":0,"parent":0,"menu_order":0,"comment_status":"closed","ping_status":"closed","template":"","meta":{"footnotes":""},"class_list":["post-1179","page","type-page","status-publish","hentry"],"_links":{"self":[{"href":"https:\/\/panzericlaudia.it\/index.php?rest_route=\/wp\/v2\/pages\/1179","targetHints":{"allow":["GET"]}}],"collection":[{"href":"https:\/\/panzericlaudia.it\/index.php?rest_route=\/wp\/v2\/pages"}],"about":[{"href":"https:\/\/panzericlaudia.it\/index.php?rest_route=\/wp\/v2\/types\/page"}],"author":[{"embeddable":true,"href":"https:\/\/panzericlaudia.it\/index.php?rest_route=\/wp\/v2\/users\/5"}],"replies":[{"embeddable":true,"href":"https:\/\/panzericlaudia.it\/index.php?rest_route=%2Fwp%2Fv2%2Fcomments&post=1179"}],"version-history":[{"count":13,"href":"https:\/\/panzericlaudia.it\/index.php?rest_route=\/wp\/v2\/pages\/1179\/revisions"}],"predecessor-version":[{"id":6830,"href":"https:\/\/panzericlaudia.it\/index.php?rest_route=\/wp\/v2\/pages\/1179\/revisions\/6830"}],"wp:attachment":[{"href":"https:\/\/panzericlaudia.it\/index.php?rest_route=%2Fwp%2Fv2%2Fmedia&parent=1179"}],"curies":[{"name":"wp","href":"https:\/\/api.w.org\/{rel}","templated":true}]}}