{"id":6520,"date":"2020-07-28T15:49:23","date_gmt":"2020-07-28T13:49:23","guid":{"rendered":"https:\/\/panzericlaudia.it\/?page_id=6520"},"modified":"2020-09-30T10:44:50","modified_gmt":"2020-09-30T08:44:50","slug":"aziende","status":"publish","type":"page","link":"https:\/\/panzericlaudia.it\/?page_id=6520","title":{"rendered":"Aziende"},"content":{"rendered":"\t\t<div data-elementor-type=\"wp-page\" data-elementor-id=\"6520\" class=\"elementor elementor-6520\" data-elementor-settings=\"{&quot;ha_cmc_init_switcher&quot;:&quot;no&quot;}\">\n\t\t\t\t\t\t<section class=\"elementor-section elementor-top-section elementor-element elementor-element-d8d79f3 elementor-section-boxed elementor-section-height-default elementor-section-height-default\" data-id=\"d8d79f3\" data-element_type=\"section\" data-settings=\"{&quot;_ha_eqh_enable&quot;:false}\">\n\t\t\t\t\t\t<div class=\"elementor-container elementor-column-gap-default\">\n\t\t\t\t\t<div class=\"elementor-column elementor-col-100 elementor-top-column elementor-element elementor-element-899e84d\" data-id=\"899e84d\" data-element_type=\"column\">\n\t\t\t<div class=\"elementor-widget-wrap elementor-element-populated\">\n\t\t\t\t\t\t<div class=\"elementor-element elementor-element-226880e elementor-widget elementor-widget-image\" data-id=\"226880e\" data-element_type=\"widget\" data-widget_type=\"image.default\">\n\t\t\t\t<div class=\"elementor-widget-container\">\n\t\t\t\t\t\t\t\t\t\t\t\t\t\t\t<img decoding=\"async\" src=\"https:\/\/panzericlaudia.it\/wp-content\/uploads\/elementor\/thumbs\/AZIENDE-grande-scaled-ot4w7x012rwkff3dvctl1t7n1fw6qiqlcb5bmnwgps.jpg\" title=\"AZIENDE grande\" alt=\"AZIENDE grande\" loading=\"lazy\" \/>\t\t\t\t\t\t\t\t\t\t\t\t\t\t\t<\/div>\n\t\t\t\t<\/div>\n\t\t\t\t\t<\/div>\n\t\t<\/div>\n\t\t\t\t\t<\/div>\n\t\t<\/section>\n\t\t\t\t<section class=\"elementor-section elementor-top-section elementor-element elementor-element-061dff5 elementor-section-boxed elementor-section-height-default elementor-section-height-default\" data-id=\"061dff5\" data-element_type=\"section\" data-settings=\"{&quot;_ha_eqh_enable&quot;:false}\">\n\t\t\t\t\t\t<div class=\"elementor-container elementor-column-gap-default\">\n\t\t\t\t\t<div class=\"elementor-column elementor-col-100 elementor-top-column elementor-element elementor-element-79c41f1\" data-id=\"79c41f1\" data-element_type=\"column\">\n\t\t\t<div class=\"elementor-widget-wrap elementor-element-populated\">\n\t\t\t\t\t\t<div class=\"elementor-element elementor-element-5a3d2aa elementor-widget elementor-widget-spacer\" data-id=\"5a3d2aa\" data-element_type=\"widget\" data-widget_type=\"spacer.default\">\n\t\t\t\t<div class=\"elementor-widget-container\">\n\t\t\t\t\t\t\t<div class=\"elementor-spacer\">\n\t\t\t<div class=\"elementor-spacer-inner\"><\/div>\n\t\t<\/div>\n\t\t\t\t\t\t<\/div>\n\t\t\t\t<\/div>\n\t\t\t\t<div class=\"elementor-element elementor-element-9557a9d elementor-widget elementor-widget-vc_custom_heading\" data-id=\"9557a9d\" data-element_type=\"widget\" data-widget_type=\"vc_custom_heading.default\">\n\t\t\t\t<div class=\"elementor-widget-container\">\n\t\t\t\t\t<div class=\" vc_custom_heading  consulting_heading_font  text_align_left has_icon\" ><div class=\"icon\" style=\"font-size: 35px; line-height: 35px;\"><i class=\" stm-stn14_home\"><\/i><\/div><h2 style=\"text-align: left\" class=\"consulting-custom-title\">Servizi per aziende\n<\/h2><\/div>\t\t\t\t<\/div>\n\t\t\t\t<\/div>\n\t\t\t\t<div class=\"elementor-element elementor-element-a0fff8e elementor-widget elementor-widget-spacer\" data-id=\"a0fff8e\" data-element_type=\"widget\" data-widget_type=\"spacer.default\">\n\t\t\t\t<div class=\"elementor-widget-container\">\n\t\t\t\t\t\t\t<div class=\"elementor-spacer\">\n\t\t\t<div class=\"elementor-spacer-inner\"><\/div>\n\t\t<\/div>\n\t\t\t\t\t\t<\/div>\n\t\t\t\t<\/div>\n\t\t\t\t\t<\/div>\n\t\t<\/div>\n\t\t\t\t\t<\/div>\n\t\t<\/section>\n\t\t\t\t<section class=\"elementor-section elementor-top-section elementor-element elementor-element-49a80f9 elementor-section-boxed elementor-section-height-default elementor-section-height-default\" data-id=\"49a80f9\" data-element_type=\"section\" data-settings=\"{&quot;_ha_eqh_enable&quot;:false}\">\n\t\t\t\t\t\t<div class=\"elementor-container elementor-column-gap-default\">\n\t\t\t\t\t<div class=\"elementor-column elementor-col-100 elementor-top-column elementor-element elementor-element-81262d2\" data-id=\"81262d2\" data-element_type=\"column\">\n\t\t\t<div class=\"elementor-widget-wrap elementor-element-populated\">\n\t\t\t\t\t\t<div class=\"elementor-element elementor-element-b516f10 elementor-widget elementor-widget-text-editor\" data-id=\"b516f10\" data-element_type=\"widget\" data-widget_type=\"text-editor.default\">\n\t\t\t\t<div class=\"elementor-widget-container\">\n\t\t\t\t\t\t\t\t\t<blockquote>\n<h4><strong>Coaching Cognitivo <\/strong><\/h4>\n<\/blockquote>\n<p><em>\u00a0<\/em><\/p>\n<p><em>\u201cIl successo non \u00e8 il punto di arrivo ma piuttosto lo spirito con cui ciascuno intraprende e continua il viaggio.\u201d Alex Nobl <\/em><\/p>\n<p>Il Coaching \u00e8 un processo creativo che ispira le persone a massimizzare le loro performance, a sviluppare capacit\u00e0, consolidare competenze, attraverso l\u2019individuazione di spazi di potenziale crescita e la definizione di un programma finalizzato al raggiungimento di obiettivi personali o professionali.<\/p>\n<p>La CONFIDENZIALITA\u2019 \u00e8 essenziale per il successo di qualsiasi relazione di coaching.\u00a0<\/p>\n<p>Le sessioni di coaching sono un luogo sicuro per discutere e svelare informazioni rilevanti per la sua crescita professionale, dove parlare liberamente e confidare paure e limiti senza temere alcun giudizio. La FIDUCIA \u00e8 alla base di una proficua relazione di coaching.<\/p>\n<blockquote>\n<h4><strong>Photo Coaching<\/strong><\/h4>\n<\/blockquote>\n<p><em>\u201cSe una fotografia vale mille parole, una sequenza vale un romanzo.\u201d\u00a0 Augusto Pieroni<\/em><\/p>\n<p>Creativit\u00e0, intelligenza emotiva e flessibilit\u00e0 cognitiva sono Competenze Chiave del mercato odierno: allenarle e saperle utilizzare al meglio genera benefici sia dal punto di vista umano che nel percorso professionale. Le sfide lavorative oggi ci impongono di Pensare in modo Nuovo, usando una risorsa spesso trascurata: l\u2019Intuizione.<\/p>\n<p>La fotografia \u00e8 Intuito, Perspicacia e Osservazione profonda: le immagini possono diventare un Ponte sull\u2019Invisibile, che guida alla conoscenza di S\u00e9 e svela la chiave per accedere a Risorse individuali Non Convenzionali; proprio quelle che possono fare la differenza in un contesto conforme ma competitivo come quello odierno.<\/p>\n<blockquote>\n<h4><strong>Formazione d\u2019aula e webinar<\/strong><\/h4>\n<\/blockquote>\n<p><em>\u201cNon puoi fermare le onde, ma puoi imparare a padroneggiare il surf.\u201d<\/em><\/p>\n<p><em>\u00a0Jon Kabat-Zinn <\/em><\/p>\n<p>L\u2019occupabilit\u00e0 delle persone, ossia la capacit\u00e0 di mantenere il lavoro desiderato e di essere spendibili sul mercato, non dipende pi\u00f9 da ci\u00f2 che gi\u00e0 si conosce, ma da ci\u00f2 che si avr\u00e0 la possibilit\u00e0 di imparare.<\/p>\n<p>Come Formatore, analizzo i tuoi bisogni e creo percorsi di formazione personalizzati, in partnership con professionisti specializzati nelle diverse aree di competenza, su tematiche quali:<\/p>\n<blockquote>\n<h4><strong><em>Orientamento Strategico<\/em><\/strong><\/h4>\n<\/blockquote>\n<p>Nel periodo post emergenziale da Covid-19 sar\u00e0 importante dare l\u2019opportunit\u00e0 alle persone di rigenerarsi, fornendo loro spazio e tempo per riconvertirsi alle mutate esigenze organizzative. A tal proposito Formazione e Orientamento devono essere intesi, oggi, come processi permanenti, che accompagnano l\u2019individuo per tutto l\u2019arco della propria vita, con lo scopo di prepararlo a vivere criticamente e attivamente il suo tempo.<\/p>\n<blockquote>\n<h4><strong><em>Smart Working \u2013 Attitudini e Competenze<\/em><\/strong><\/h4>\n<\/blockquote>\n<p>Letteralmente \u201clavoro agile\u201d, lo Smart Working descrive una modalit\u00e0 di lavoro non vincolata da orari e luoghi di lavoro, caratterizzata da un elevato grado di condivisione.<\/p>\n<p>Lo Smart Worker va formato e accompagnato nella trasformazione: da lavoratore \u201cdipendente\u201d orientato e valutato in base al tempo di lavoro svolto, a \u201cprofessionista responsabile\u201d focalizzate sui risultati ottenuti.<\/p>\n<p>Occorre lavorare sull\u2019attitudine e i comportamenti, per far s\u00ec che i lavoratori diventino veri e propri \u201cimprenditori\u201d con un\u2019attitudine all\u2019innovazione e alla creativit\u00e0.<\/p>\n<blockquote>\n<h4><strong><em>Creativit\u00e0<\/em><\/strong><\/h4>\n<\/blockquote>\n<p>Il gioco, il canto, il teatro, la danza, la fotografia, il disegno, la pittura sono da sempre discipline che aiutano l\u2019individuo a liberare la propria fantasia immedesimandosi in ruoli e situazioni non giudicanti per favorire una trasformazione attraverso la sperimentazione attiva di nuove emozioni.<\/p>\n<p><em>E ancora\u2026<\/em><\/p>\n<h4>-Tecniche di Recruiting<\/h4>\n<h4>-Leadership<\/h4>\n<h4>-Innovazione e Cambiamento<\/h4>\n<h4>-Creazione e Rinforzo del Team<\/h4>\n<h4>-Formazione per Formatori<\/h4>\n<h4>-Comunicazione efficace<\/h4>\n<blockquote>\n<h4><strong>Supporto nei processi di Talent <b>Acquisition\u00a0<\/b><\/strong><\/h4>\n<\/blockquote>\n<p><strong>\u00a0<\/strong><\/p>\n<p><em>\u201cUna cosa \u00e8 avere talento. \u00c8 un\u2019altra cosa scoprire come usarlo.\u201d<\/em><\/p>\n<p><em>Roger Miller<\/em><\/p>\n<p><strong>\u00a0<\/strong><\/p>\n<p>Supporto le aziende nella scelta della Persona Giusta a partire dalla corretta definizione del Profilo ricercato<strong>, <\/strong>garantendo un processo di selezione <strong>rapido<\/strong>, <strong>agile<\/strong>, improntato sulla <strong>riservatezza <\/strong>e su un network esteso ed efficace.<\/p>\n<p>Offro un supporto <strong>completo<\/strong> per:<\/p>\n<ul>\n<li>\n<h4>Raccolta dei bisogni<\/h4>\n<\/li>\n<li>\n<h4>Definizione job description<\/h4>\n<\/li>\n<li>\n<h4>Stesura profilo candidato ideale<\/h4>\n<\/li>\n<li>\n<h4>Screening curricula<\/h4>\n<\/li>\n<li>\n<h4>Colloqui con l\u2019utilizzo dei BEI (Behavioural Event Interview)<\/h4>\n<\/li>\n<li>\n<h4>Presentazione rosa di candidati<\/h4>\n<\/li>\n<li>\n<h4>Supporto nella fase di Negoziazione tra Azienda e Candidato prescelto<\/h4>\n<\/li>\n<li>\n<h4>Chiusura offerta<\/h4>\n<\/li>\n<\/ul>\n<blockquote>\n<h4><strong>HR Temporary Management<\/strong><\/h4>\n<\/blockquote>\n<p><strong>\u00a0<\/strong><\/p>\n<p><em>\u201cLe risorse umane sono come le risorse naturali, giacciono in profondit\u00e0, ecco perch\u00e9 bisogna andarle a cercare e soprattutto bisogna creare le condizioni affinch\u00e9 queste si manifestino.\u201d<\/em><\/p>\n<p><em>Ken Robinson<\/em><\/p>\n<p><strong>\u00a0<\/strong><\/p>\n<p>Appassionata di Risorse Umane, nei vent\u2019anni di esperienza professionale in aziende multinazionali del settore ICT come HR Manager, ho sviluppato un profilo \u201crotondo\u201d con competenze che mi permettono di fornire sostegno temporaneo per progetti speciali di fusioni o acquisizioni, implementazione nuova funzione, picchi di intensa attivit\u00e0.<\/p>\n<p>Ecco alcuni esempi:<\/p>\n<ul>\n<li>\n<h4>Implementazione della funzione HR<\/h4>\n<\/li>\n<li>\n<h4>Gestione del cambiamento organizzativo<\/h4>\n<\/li>\n<li>\n<h4>Picchi di intensa attivit\u00e0<\/h4>\n<\/li>\n<li>\n<h4>Progetti speciali (ex: fusioni, acquisizioni, introduzione piani di welfare)<\/h4>\n<\/li>\n<li>\n<h4>Digitalizzazione della funzione HR<\/h4>\n<\/li>\n<li>\n<h4>Analisi di clima e piani di engagement<\/h4>\n<\/li>\n<\/ul>\n\t\t\t\t\t\t\t\t<\/div>\n\t\t\t\t<\/div>\n\t\t\t\t<div class=\"elementor-element elementor-element-47d4d68 ha-has-bg-overlay elementor-widget elementor-widget-vc_cta\" data-id=\"47d4d68\" data-element_type=\"widget\" data-widget_type=\"vc_cta.default\">\n\t\t\t\t<div class=\"elementor-widget-container\">\n\t\t\t\t\t\n<div class=\"ce_cta ce_cta_9e70f20eb974622c80c3d9f1e08d2c53 ce_text_left  add_button_ btn_align_ btn_button_block_\" id=\"\">\n\n    <div class=\"ce_cta__content\">\n        <div class=\"ce_cta__content__header\">\n            <h2  class='ce_cta__content__title '>Per maggiori dettagli su servizi alle aziende<\/h2>                    <\/div>\n\n        \n    <\/div>\n\n    \n<\/div>\n\t\t\t\t<\/div>\n\t\t\t\t<\/div>\n\t\t\t\t<div class=\"elementor-element elementor-element-906ad5c elementor-align-center elementor-widget elementor-widget-button\" data-id=\"906ad5c\" data-element_type=\"widget\" data-widget_type=\"button.default\">\n\t\t\t\t<div class=\"elementor-widget-container\">\n\t\t\t\t\t\t\t\t\t<div class=\"elementor-button-wrapper icon_align_  \">\n\t\t\t\t\t<a class=\"elementor-button elementor-button-link elementor-size-sm\" href=\"#\">\n\t\t\t\t\t\t<span class=\"elementor-button-content-wrapper\">\n\t\t\t\t\t\t\t\t\t<span class=\"elementor-button-text\">CONTATTAMI<\/span>\n\t\t\t\t\t<\/span>\n\t\t\t\t\t<\/a>\n\t\t\t\t<\/div>\n\t\t\t\t\t\t\t\t<\/div>\n\t\t\t\t<\/div>\n\t\t\t\t\t<\/div>\n\t\t<\/div>\n\t\t\t\t\t<\/div>\n\t\t<\/section>\n\t\t\t\t<\/div>\n\t\t","protected":false},"excerpt":{"rendered":"<p>Servizi per aziende Coaching Cognitivo \u00a0 \u201cIl successo non \u00e8 il punto di arrivo ma piuttosto lo spirito con cui ciascuno intraprende e continua il viaggio.\u201d Alex Nobl Il Coaching \u00e8 un processo creativo che ispira le persone a massimizzare le loro performance, a sviluppare capacit\u00e0, consolidare competenze, attraverso l\u2019individuazione di spazi di potenziale crescita<\/p>\n","protected":false},"author":5,"featured_media":0,"parent":0,"menu_order":0,"comment_status":"closed","ping_status":"closed","template":"elementor_header_footer","meta":{"footnotes":""},"class_list":["post-6520","page","type-page","status-publish","hentry"],"_links":{"self":[{"href":"https:\/\/panzericlaudia.it\/index.php?rest_route=\/wp\/v2\/pages\/6520","targetHints":{"allow":["GET"]}}],"collection":[{"href":"https:\/\/panzericlaudia.it\/index.php?rest_route=\/wp\/v2\/pages"}],"about":[{"href":"https:\/\/panzericlaudia.it\/index.php?rest_route=\/wp\/v2\/types\/page"}],"author":[{"embeddable":true,"href":"https:\/\/panzericlaudia.it\/index.php?rest_route=\/wp\/v2\/users\/5"}],"replies":[{"embeddable":true,"href":"https:\/\/panzericlaudia.it\/index.php?rest_route=%2Fwp%2Fv2%2Fcomments&post=6520"}],"version-history":[{"count":10,"href":"https:\/\/panzericlaudia.it\/index.php?rest_route=\/wp\/v2\/pages\/6520\/revisions"}],"predecessor-version":[{"id":6842,"href":"https:\/\/panzericlaudia.it\/index.php?rest_route=\/wp\/v2\/pages\/6520\/revisions\/6842"}],"wp:attachment":[{"href":"https:\/\/panzericlaudia.it\/index.php?rest_route=%2Fwp%2Fv2%2Fmedia&parent=6520"}],"curies":[{"name":"wp","href":"https:\/\/api.w.org\/{rel}","templated":true}]}}