{"id":6525,"date":"2020-07-28T15:52:39","date_gmt":"2020-07-28T13:52:39","guid":{"rendered":"https:\/\/panzericlaudia.it\/?page_id=6525"},"modified":"2020-07-29T12:06:04","modified_gmt":"2020-07-29T10:06:04","slug":"orientamento","status":"publish","type":"page","link":"https:\/\/panzericlaudia.it\/?page_id=6525","title":{"rendered":"Privati"},"content":{"rendered":"\t\t<div data-elementor-type=\"wp-page\" data-elementor-id=\"6525\" class=\"elementor elementor-6525\" data-elementor-settings=\"{&quot;ha_cmc_init_switcher&quot;:&quot;no&quot;}\">\n\t\t\t\t\t\t<section class=\"elementor-section elementor-top-section elementor-element elementor-element-d8d79f3 elementor-section-boxed elementor-section-height-default elementor-section-height-default\" data-id=\"d8d79f3\" data-element_type=\"section\" data-settings=\"{&quot;_ha_eqh_enable&quot;:false}\">\n\t\t\t\t\t\t<div class=\"elementor-container elementor-column-gap-default\">\n\t\t\t\t\t<div class=\"elementor-column elementor-col-100 elementor-top-column elementor-element elementor-element-899e84d\" data-id=\"899e84d\" data-element_type=\"column\">\n\t\t\t<div class=\"elementor-widget-wrap elementor-element-populated\">\n\t\t\t\t\t\t<div class=\"elementor-element elementor-element-226880e elementor-widget elementor-widget-image\" data-id=\"226880e\" data-element_type=\"widget\" data-widget_type=\"image.default\">\n\t\t\t\t<div class=\"elementor-widget-container\">\n\t\t\t\t\t\t\t\t\t\t\t\t\t\t\t<img decoding=\"async\" src=\"https:\/\/panzericlaudia.it\/wp-content\/uploads\/elementor\/thumbs\/ORIENTAMENTO-grande-scaled-ot4wlwtitz29aerk5elm6a2pfywxcaapxktkuz5g2o.jpg\" title=\"ORIENTAMENTO grande\" alt=\"ORIENTAMENTO grande\" loading=\"lazy\" \/>\t\t\t\t\t\t\t\t\t\t\t\t\t\t\t<\/div>\n\t\t\t\t<\/div>\n\t\t\t\t\t<\/div>\n\t\t<\/div>\n\t\t\t\t\t<\/div>\n\t\t<\/section>\n\t\t\t\t<section class=\"elementor-section elementor-top-section elementor-element elementor-element-061dff5 elementor-section-boxed elementor-section-height-default elementor-section-height-default\" data-id=\"061dff5\" data-element_type=\"section\" data-settings=\"{&quot;_ha_eqh_enable&quot;:false}\">\n\t\t\t\t\t\t<div class=\"elementor-container elementor-column-gap-default\">\n\t\t\t\t\t<div class=\"elementor-column elementor-col-100 elementor-top-column elementor-element elementor-element-79c41f1\" data-id=\"79c41f1\" data-element_type=\"column\">\n\t\t\t<div class=\"elementor-widget-wrap elementor-element-populated\">\n\t\t\t\t\t\t<div class=\"elementor-element elementor-element-5a3d2aa elementor-widget elementor-widget-spacer\" data-id=\"5a3d2aa\" data-element_type=\"widget\" data-widget_type=\"spacer.default\">\n\t\t\t\t<div class=\"elementor-widget-container\">\n\t\t\t\t\t\t\t<div class=\"elementor-spacer\">\n\t\t\t<div class=\"elementor-spacer-inner\"><\/div>\n\t\t<\/div>\n\t\t\t\t\t\t<\/div>\n\t\t\t\t<\/div>\n\t\t\t\t<div class=\"elementor-element elementor-element-9557a9d elementor-widget elementor-widget-vc_custom_heading\" data-id=\"9557a9d\" data-element_type=\"widget\" data-widget_type=\"vc_custom_heading.default\">\n\t\t\t\t<div class=\"elementor-widget-container\">\n\t\t\t\t\t<div class=\" vc_custom_heading  consulting_heading_font  text_align_left has_icon\" ><div class=\"icon\" style=\"font-size: 35px; line-height: 35px;\"><i class=\"fas fa-school\"><\/i><\/div><h2 style=\"text-align: left\" class=\"consulting-custom-title\">Orientamento Scolastico e Professionale\n<\/h2><\/div>\t\t\t\t<\/div>\n\t\t\t\t<\/div>\n\t\t\t\t<div class=\"elementor-element elementor-element-a0fff8e elementor-widget elementor-widget-spacer\" data-id=\"a0fff8e\" data-element_type=\"widget\" data-widget_type=\"spacer.default\">\n\t\t\t\t<div class=\"elementor-widget-container\">\n\t\t\t\t\t\t\t<div class=\"elementor-spacer\">\n\t\t\t<div class=\"elementor-spacer-inner\"><\/div>\n\t\t<\/div>\n\t\t\t\t\t\t<\/div>\n\t\t\t\t<\/div>\n\t\t\t\t\t<\/div>\n\t\t<\/div>\n\t\t\t\t\t<\/div>\n\t\t<\/section>\n\t\t\t\t<section class=\"elementor-section elementor-top-section elementor-element elementor-element-49a80f9 elementor-section-boxed elementor-section-height-default elementor-section-height-default\" data-id=\"49a80f9\" data-element_type=\"section\" data-settings=\"{&quot;_ha_eqh_enable&quot;:false}\">\n\t\t\t\t\t\t<div class=\"elementor-container elementor-column-gap-default\">\n\t\t\t\t\t<div class=\"elementor-column elementor-col-100 elementor-top-column elementor-element elementor-element-81262d2\" data-id=\"81262d2\" data-element_type=\"column\">\n\t\t\t<div class=\"elementor-widget-wrap elementor-element-populated\">\n\t\t\t\t\t\t<div class=\"elementor-element elementor-element-b516f10 elementor-widget elementor-widget-text-editor\" data-id=\"b516f10\" data-element_type=\"widget\" data-widget_type=\"text-editor.default\">\n\t\t\t\t<div class=\"elementor-widget-container\">\n\t\t\t\t\t\t\t\t\t<p>Sono Membro ASNOR (Associazione Nazionale Orientatori) n. 810, 24\/07\/2019<\/p>\n<blockquote>\n<h4><strong>Per le Scuole<\/strong><\/h4>\n<\/blockquote>\n<p><em>\u201cLe competenze trasversali sono sempre pi\u00f9 importanti per muoversi nella societ\u00e0 attuale, per questo \u00e8 fondamentale che la scuola le metta al centro della propria funzione educativa e le inserisca nella programmazione didattica.\u201d<\/em><\/p>\n<p><em>\u00a0<\/em><\/p>\n<p>Le\u00a0<strong>competenze trasversali<\/strong>\u00a0sono al centro del nuovo programma di apprendimento pratico che ha sostituito l&#8217;Alternanza Scuola Lavoro. Infatti, i PCTO (<strong>Percorsi per le competenze trasversali e l&#8217;orientamento<\/strong>) sono finalizzati ad attuare pratiche e strategie innovative per sviluppare negli studenti quelle competenze richieste dai nuovi sistemi economici e dalle esigenze individuali degli alunni, che devono muoversi in una societ\u00e0 digitale, complessa e in costante trasformazione.<\/p>\n<p>La\u00a0<strong>sfida<\/strong>\u00a0che si trova davanti la scuola italiana, quindi, \u00e8 quella di innovare l&#8217;azione educativa, potenziando la\u00a0<strong>centralit\u00e0 dello studente e le connessioni con il mondo del lavoro.<\/strong><\/p>\n<p>Obiettivi del programma sono:<\/p>\n<ul>\n<li>\n<h4><strong>approfondire<\/strong> la conoscenza di se stessi e sintonizzare il COMPITO con l\u2019ATTITUDINE individuale per meglio delineare il proprio futuro;<\/h4>\n<\/li>\n<li>\n<h4><strong>operare<\/strong> una scelta consapevole rispetto al proprio futuro universitario o professionale;<\/h4>\n<\/li>\n<li>\n<h4><strong>imparare<\/strong> a comunicarsi e presentarsi in modo efficace durante colloqui da lavoro o incontri conoscitivi.<\/h4>\n<\/li>\n<\/ul>\n<blockquote>\n<h4><strong>Per gli Studenti e i loro Genitori<\/strong><\/h4>\n<\/blockquote>\n<p><strong>\u00a0<\/strong><\/p>\n<p><em>\u201cVa dove ti porta il cuore ma fatti accompagnare dal cervello!\u201d <\/em><\/p>\n<p>Cosa faccio dopo le scuole superiori? Per alcuni la risposta \u00e8 semplice, le idee sono chiare, il percorso \u00e8 gi\u00e0 tracciato. Per la maggior parte degli studenti resta, tuttavia, una domanda irrisolta, la cui soluzione \u00e8 spesso inaccessibile.<\/p>\n<p>Scegliere consapevolmente \u00e8 possibile, anzi necessario. Bisogna acquisire la consapevolezza che \u00e8 possibile assecondare una passione ma questa deve anche essere sostenuta da una naturale predisposizione.<\/p>\n<p><strong>\u00a0<\/strong><\/p>\n<p>Per questo, metto a disposizione la mia esperienza per i giovani delle classi 4\u00b0 e 5\u00b0 superiore per aiutarli a conoscere meglio se stessi, perch\u00e9:<\/p>\n<p><em>&#8220;Non possiamo essere tutto quello che vorremmo. Ma possiamo diventare tutto ci\u00f2 che ci \u00e8 possibile.&#8221; (Dean Hamer)<\/em><\/p>\n\t\t\t\t\t\t\t\t<\/div>\n\t\t\t\t<\/div>\n\t\t\t\t<div class=\"elementor-element elementor-element-47d4d68 ha-has-bg-overlay elementor-widget elementor-widget-vc_cta\" data-id=\"47d4d68\" data-element_type=\"widget\" data-widget_type=\"vc_cta.default\">\n\t\t\t\t<div class=\"elementor-widget-container\">\n\t\t\t\t\t\n<div class=\"ce_cta ce_cta_393858e586622643a38c4c04e9e258be ce_text_left  add_button_ btn_align_ btn_button_block_\" id=\"\">\n\n    <div class=\"ce_cta__content\">\n        <div class=\"ce_cta__content__header\">\n            <h2  class='ce_cta__content__title '>Per maggiori dettagli<\/h2>                    <\/div>\n\n        \n    <\/div>\n\n    \n<\/div>\n\t\t\t\t<\/div>\n\t\t\t\t<\/div>\n\t\t\t\t<div class=\"elementor-element elementor-element-906ad5c elementor-align-center elementor-widget elementor-widget-button\" data-id=\"906ad5c\" data-element_type=\"widget\" data-widget_type=\"button.default\">\n\t\t\t\t<div class=\"elementor-widget-container\">\n\t\t\t\t\t\t\t\t\t<div class=\"elementor-button-wrapper icon_align_  \">\n\t\t\t\t\t<a class=\"elementor-button elementor-button-link elementor-size-sm\" href=\"#\">\n\t\t\t\t\t\t<span class=\"elementor-button-content-wrapper\">\n\t\t\t\t\t\t\t\t\t<span class=\"elementor-button-text\">CONTATTAMI<\/span>\n\t\t\t\t\t<\/span>\n\t\t\t\t\t<\/a>\n\t\t\t\t<\/div>\n\t\t\t\t\t\t\t\t<\/div>\n\t\t\t\t<\/div>\n\t\t\t\t\t<\/div>\n\t\t<\/div>\n\t\t\t\t\t<\/div>\n\t\t<\/section>\n\t\t\t\t<\/div>\n\t\t","protected":false},"excerpt":{"rendered":"<p>Orientamento Scolastico e Professionale Sono Membro ASNOR (Associazione Nazionale Orientatori) n. 810, 24\/07\/2019 Per le Scuole \u201cLe competenze trasversali sono sempre pi\u00f9 importanti per muoversi nella societ\u00e0 attuale, per questo \u00e8 fondamentale che la scuola le metta al centro della propria funzione educativa e le inserisca nella programmazione didattica.\u201d \u00a0 Le\u00a0competenze trasversali\u00a0sono al centro del<\/p>\n","protected":false},"author":5,"featured_media":0,"parent":0,"menu_order":0,"comment_status":"closed","ping_status":"closed","template":"elementor_header_footer","meta":{"footnotes":""},"class_list":["post-6525","page","type-page","status-publish","hentry"],"_links":{"self":[{"href":"https:\/\/panzericlaudia.it\/index.php?rest_route=\/wp\/v2\/pages\/6525","targetHints":{"allow":["GET"]}}],"collection":[{"href":"https:\/\/panzericlaudia.it\/index.php?rest_route=\/wp\/v2\/pages"}],"about":[{"href":"https:\/\/panzericlaudia.it\/index.php?rest_route=\/wp\/v2\/types\/page"}],"author":[{"embeddable":true,"href":"https:\/\/panzericlaudia.it\/index.php?rest_route=\/wp\/v2\/users\/5"}],"replies":[{"embeddable":true,"href":"https:\/\/panzericlaudia.it\/index.php?rest_route=%2Fwp%2Fv2%2Fcomments&post=6525"}],"version-history":[{"count":4,"href":"https:\/\/panzericlaudia.it\/index.php?rest_route=\/wp\/v2\/pages\/6525\/revisions"}],"predecessor-version":[{"id":6702,"href":"https:\/\/panzericlaudia.it\/index.php?rest_route=\/wp\/v2\/pages\/6525\/revisions\/6702"}],"wp:attachment":[{"href":"https:\/\/panzericlaudia.it\/index.php?rest_route=%2Fwp%2Fv2%2Fmedia&parent=6525"}],"curies":[{"name":"wp","href":"https:\/\/api.w.org\/{rel}","templated":true}]}}